{"id":118,"date":"2023-11-09T15:30:32","date_gmt":"2023-11-09T14:30:32","guid":{"rendered":"https:\/\/aenergy.dev2.webko.io\/?page_id=118"},"modified":"2024-01-02T07:57:01","modified_gmt":"2024-01-02T06:57:01","slug":"persondatapolitik","status":"publish","type":"page","link":"https:\/\/ae-nergy.dk\/en\/persondatapolitik\/","title":{"rendered":"Personal data policy"},"content":{"rendered":"<section class=\"bde-section-118-103 bde-section\">\n  \n\t\n\n\n\n<div class=\"section-container\"><h1 class=\"bde-heading-118-104 bde-heading\">\nPersonal data\n<\/h1><\/div>\n<\/section><section class=\"bde-section-118-106 bde-section\">\n  \n\t\n\n\n\n<div class=\"section-container\"><div class=\"bde-text-118-107 bde-text\">\nData controller<br>We are the data controller for the processing of the personal data that we process about our customers and business partners. <br>You will find our contact information below.<br><br>\u00c6nergy P\/S<br>Skivevej 120<br>DK-7500 Holstebro<br>CVR: 44 51 95 50<br><br>It is not a requirement that our company has an external DPO, but if you have questions about the processing of your personal data, you can contact us via contact@ae-nergy.dk.<br><br>Treatment activities<br>As data controller cf. GDPR, we have the following processing activities.<br><br>Visit website<br>When you visit our website, we use cookies in order for the website to function, which you can read more about in our cookie policy.<br><br><br>Communication with potential customers and other stakeholders<br><br>When you have questions about our site, or want to hear more about our services, you can contact us via the respective contact forms or contact@ae-nergy.dk<br><br><br>Through this, we will process your personal data so that we can enter into a dialogue with you, e.g. answer questions about our services. We only process the information that you give us in connection with our communication.<br><br>We will typically process the following general information: name, email, telephone number.<br><br>Our authority to process this personal data is the data protection regulation&#039;s article 6, paragraph 1 liter f.<br><br>We delete our communication with you when it is clear whether you want our services or not.<br><br>Should in a special case arise a need to store your personal data for a longer period of time, this could be the case.<br><br><br>Customers<br>We need to communicate with our customers to ensure that the service is delivered correctly. Through this, we can process information about name, address, services, special agreements, payment information and the like. <br><br>The authority to process this personal data is the data protection regulation&#039;s article 6, subsection 1 liter b.<br><br>When the service has been delivered and any outstanding issues have been completed, we will immediately delete the personal data.<br><br><br>Accounting<br>We must save all accounting documents cf. the Accounting Act. This means that we store invoices and similar attachments for accounting purposes. This may include general personal data such as name, address, service description.<br><br>Our authority to process personal data for bookkeeping is Article 6, subsection 1 letter of the data protection regulation.<br><br>We store this information for a minimum of 5 years after the current financial year has ended. <br><br><br>Job applications<br>We gladly accept job applications in order to assess whether they match an employment need in our company. <br><br>If you send us your job application, our authority to process your personal data is the data protection regulation&#039;s article 6, paragraph 1 liter f. <br><br>If you have sent an unsolicited application, the responsible person or entity will immediately assess whether your application is relevant and then delete your information again if there is no match. <br><br>If you have sent an application for an advertised job, we will dispose of your application in the event that you are not hired, and immediately after the right candidate has been found for the job.<br><br>If you are part of a recruitment process and\/or hired for the job, we will give you separate information about how we process your personal data in this connection. <br><br><br>Data processors<br>Few can handle everything by themselves, and the same applies to us. We therefore have business partners and use suppliers, some of whom may be data processors.<br><br>External suppliers can, for example, provide systems to organize our work, services, consultancy, IT hosting or marketing.<br><br>It is our responsibility to ensure that your personal data is processed properly. That is why we make high demands on our business partners, and our partners must guarantee that your personal data is protected.<br><br>We therefore enter into agreements on this with companies (data processors) that handle personal data on our behalf in order to increase the security of your personal data.<br><br>Dissemination of personal data <br>We do not pass on your personal data to third parties.<br><br>Profiling and automated decisions<br>We do not make profiling or automated decisions.<br><br>Third country transfers<br>We generally use data processors in the EU\/EEA, or who store data in the EU\/EEA. <br><br>In some cases this is not possible, and here data processors outside the EU\/EEA can be used, if these can provide your personal data with adequate protection.<br><br>Treatment safety<br>We keep the processing of personal data secure by having appropriate technical and organizational measures in place. <br><br>We have carried out risk assessments of our processing of personal data, and have subsequently introduced appropriate technical and organizational measures to increase processing security.<br><br>One of our most important measures is to keep our employees up-to-date on GDPR via ongoing awareness training, GDPR course, as well as by reviewing our GDPR procedures with employees. <br><br>The rights of the data subjects<br>According to the data protection regulation, you have a number of rights in relation to our processing of information about you.<br><br>If you want to make use of your rights, please contact us so that we can help you with this.<br><br>Right to see information (right of access)<br>You have the right to gain insight into the information that we process about you, as well as a range of additional information.<br><br>Right to rectification (rectification)<br>You have the right to have incorrect information about yourself corrected.<br><br>Right to erasure<br>In special cases, you have the right to have information about you deleted before the time of our normal general deletion occurs.<br><br>Right to restriction of processing<br>In certain cases, you have the right to have the processing of your personal data restricted. If you have the right to have the processing restricted, we may in future only process the information - apart from storage - with your consent, or for the purpose of establishing, asserting or defending legal claims, or to protect a person or important public interests.<br><br>Right to object<br>In certain cases, you have the right to object to our otherwise lawful processing of your personal data. You can also object to the processing of your information for direct marketing.<br><br>Right to transmit information (data portability)<br>In certain cases, you have the right to receive your personal data in a structured, commonly used and machine-readable format and to have this personal data transferred from one data controller to another without hindrance.<br><br>You can read more about your rights in the Data Protection Authority&#039;s guidance on the rights of data subjects, which you can find at www.datatilsynet.dk.<br><br>Withdrawal of consent<br>When our processing of your personal data is based on your consent, you have the right to withdraw your consent. <br><br>Complaint to the Danish Data Protection Authority<br>You have the right to lodge a complaint with the Danish Data Protection Authority if you are dissatisfied with the way we process your personal data. You will find the Data Protection Authority&#039;s contact information at www.datatilsynet.dk.<br><br>We would generally encourage you to read more about GDPR so that you are up to date on the rules.<br><br>\n<\/div><\/div>\n<\/section>","protected":false},"excerpt":{"rendered":"<p>Personal data Data controller We are the data controller for the processing of the personal data that we process about our customers and business partners. You will find our contact information below. \u00c6nergy P\/SSkivevej 120DK-7500 HolstebroCVR: 44 51 95 50 It is not a requirement that our company has an external DPO, but if you have questions about the processing of your personal data, you can contact us [\u2026 ]<\/p>","protected":false},"author":4,"featured_media":0,"parent":0,"menu_order":0,"comment_status":"closed","ping_status":"closed","template":"","meta":{"_acf_changed":false,"_monsterinsights_skip_tracking":false,"_monsterinsights_sitenote_active":false,"_monsterinsights_sitenote_note":"","_monsterinsights_sitenote_category":0,"_breakdance_hide_in_design_set":false,"_breakdance_tags":"","footnotes":""},"class_list":["post-118","page","type-page","status-publish","hentry"],"acf":[],"yoast_head":"<!-- This site is optimized with the Yoast SEO plugin v22.1 - https:\/\/yoast.com\/wordpress\/plugins\/seo\/ -->\n<title>Persondatapolitik - \u00c6nergy<\/title>\n<meta name=\"robots\" content=\"index, follow, max-snippet:-1, max-image-preview:large, max-video-preview:-1\" \/>\n<link rel=\"canonical\" href=\"https:\/\/ae-nergy.dk\/en\/persondatapolitik\/\" \/>\n<meta property=\"og:locale\" content=\"en_GB\" \/>\n<meta property=\"og:type\" content=\"article\" \/>\n<meta property=\"og:title\" content=\"Persondatapolitik - \u00c6nergy\" \/>\n<meta property=\"og:description\" content=\"Persondata DataansvarligVi er dataansvarlig for behandlingen af de personoplysninger, som vi behandler om vores kunder og samarbejdspartnere. Du finder vores kontaktoplysninger nedenfor.\u00c6nergy P\/SSkivevej 120DK-7500 HolstebroCVR: 44 51 95 50Det er ikke et krav, at vores virksomhed har en ekstern DPO, men hvis du har sp\u00f8rgsm\u00e5l til behandlingen af dine personoplysninger, s\u00e5 kan du kontakte os [&hellip;]\" \/>\n<meta property=\"og:url\" content=\"https:\/\/ae-nergy.dk\/en\/persondatapolitik\/\" \/>\n<meta property=\"og:site_name\" content=\"\u00c6nergy\" \/>\n<meta property=\"article:modified_time\" content=\"2024-01-02T06:57:01+00:00\" \/>\n<meta name=\"twitter:card\" content=\"summary_large_image\" \/>\n<script type=\"application\/ld+json\" class=\"yoast-schema-graph\">{\"@context\":\"https:\/\/schema.org\",\"@graph\":[{\"@type\":\"WebPage\",\"@id\":\"https:\/\/ae-nergy.dk\/persondatapolitik\/\",\"url\":\"https:\/\/ae-nergy.dk\/persondatapolitik\/\",\"name\":\"Persondatapolitik - \u00c6nergy\",\"isPartOf\":{\"@id\":\"https:\/\/ae-nergy.dk\/#website\"},\"datePublished\":\"2023-11-09T14:30:32+00:00\",\"dateModified\":\"2024-01-02T06:57:01+00:00\",\"breadcrumb\":{\"@id\":\"https:\/\/ae-nergy.dk\/persondatapolitik\/#breadcrumb\"},\"inLanguage\":\"en-GB\",\"potentialAction\":[{\"@type\":\"ReadAction\",\"target\":[\"https:\/\/ae-nergy.dk\/persondatapolitik\/\"]}]},{\"@type\":\"BreadcrumbList\",\"@id\":\"https:\/\/ae-nergy.dk\/persondatapolitik\/#breadcrumb\",\"itemListElement\":[{\"@type\":\"ListItem\",\"position\":1,\"name\":\"Home\",\"item\":\"https:\/\/ae-nergy.dk\/\"},{\"@type\":\"ListItem\",\"position\":2,\"name\":\"Persondatapolitik\"}]},{\"@type\":\"WebSite\",\"@id\":\"https:\/\/ae-nergy.dk\/#website\",\"url\":\"https:\/\/ae-nergy.dk\/\",\"name\":\"\u00c6nergy\",\"description\":\"Fremtidens energiparker\",\"potentialAction\":[{\"@type\":\"SearchAction\",\"target\":{\"@type\":\"EntryPoint\",\"urlTemplate\":\"https:\/\/ae-nergy.dk\/?s={search_term_string}\"},\"query-input\":\"required name=search_term_string\"}],\"inLanguage\":\"en-GB\"}]}<\/script>\n<!-- \/ Yoast SEO plugin. -->","yoast_head_json":{"title":"Persondatapolitik - \u00c6nergy","robots":{"index":"index","follow":"follow","max-snippet":"max-snippet:-1","max-image-preview":"max-image-preview:large","max-video-preview":"max-video-preview:-1"},"canonical":"https:\/\/ae-nergy.dk\/en\/persondatapolitik\/","og_locale":"en_GB","og_type":"article","og_title":"Persondatapolitik - \u00c6nergy","og_description":"Persondata DataansvarligVi er dataansvarlig for behandlingen af de personoplysninger, som vi behandler om vores kunder og samarbejdspartnere. Du finder vores kontaktoplysninger nedenfor.\u00c6nergy P\/SSkivevej 120DK-7500 HolstebroCVR: 44 51 95 50Det er ikke et krav, at vores virksomhed har en ekstern DPO, men hvis du har sp\u00f8rgsm\u00e5l til behandlingen af dine personoplysninger, s\u00e5 kan du kontakte os [&hellip;]","og_url":"https:\/\/ae-nergy.dk\/en\/persondatapolitik\/","og_site_name":"\u00c6nergy","article_modified_time":"2024-01-02T06:57:01+00:00","twitter_card":"summary_large_image","schema":{"@context":"https:\/\/schema.org","@graph":[{"@type":"WebPage","@id":"https:\/\/ae-nergy.dk\/persondatapolitik\/","url":"https:\/\/ae-nergy.dk\/persondatapolitik\/","name":"Persondatapolitik - \u00c6nergy","isPartOf":{"@id":"https:\/\/ae-nergy.dk\/#website"},"datePublished":"2023-11-09T14:30:32+00:00","dateModified":"2024-01-02T06:57:01+00:00","breadcrumb":{"@id":"https:\/\/ae-nergy.dk\/persondatapolitik\/#breadcrumb"},"inLanguage":"en-GB","potentialAction":[{"@type":"ReadAction","target":["https:\/\/ae-nergy.dk\/persondatapolitik\/"]}]},{"@type":"BreadcrumbList","@id":"https:\/\/ae-nergy.dk\/persondatapolitik\/#breadcrumb","itemListElement":[{"@type":"ListItem","position":1,"name":"Home","item":"https:\/\/ae-nergy.dk\/"},{"@type":"ListItem","position":2,"name":"Persondatapolitik"}]},{"@type":"WebSite","@id":"https:\/\/ae-nergy.dk\/#website","url":"https:\/\/ae-nergy.dk\/","name":"\u00c6nergy","description":"Fremtidens energiparker","potentialAction":[{"@type":"SearchAction","target":{"@type":"EntryPoint","urlTemplate":"https:\/\/ae-nergy.dk\/?s={search_term_string}"},"query-input":"required name=search_term_string"}],"inLanguage":"en-GB"}]}},"_links":{"self":[{"href":"https:\/\/ae-nergy.dk\/en\/wp-json\/wp\/v2\/pages\/118","targetHints":{"allow":["GET"]}}],"collection":[{"href":"https:\/\/ae-nergy.dk\/en\/wp-json\/wp\/v2\/pages"}],"about":[{"href":"https:\/\/ae-nergy.dk\/en\/wp-json\/wp\/v2\/types\/page"}],"author":[{"embeddable":true,"href":"https:\/\/ae-nergy.dk\/en\/wp-json\/wp\/v2\/users\/4"}],"replies":[{"embeddable":true,"href":"https:\/\/ae-nergy.dk\/en\/wp-json\/wp\/v2\/comments?post=118"}],"version-history":[{"count":12,"href":"https:\/\/ae-nergy.dk\/en\/wp-json\/wp\/v2\/pages\/118\/revisions"}],"predecessor-version":[{"id":1024,"href":"https:\/\/ae-nergy.dk\/en\/wp-json\/wp\/v2\/pages\/118\/revisions\/1024"}],"wp:attachment":[{"href":"https:\/\/ae-nergy.dk\/en\/wp-json\/wp\/v2\/media?parent=118"}],"curies":[{"name":"wp","href":"https:\/\/api.w.org\/{rel}","templated":true}]}}