{"id":1483,"date":"2024-12-16T13:43:40","date_gmt":"2024-12-16T12:43:40","guid":{"rendered":"https:\/\/ae-nergy.dk\/?page_id=1483"},"modified":"2024-12-16T14:27:07","modified_gmt":"2024-12-16T13:27:07","slug":"ansvarlighed","status":"publish","type":"page","link":"https:\/\/ae-nergy.dk\/en\/ansvarlighed\/","title":{"rendered":"Responsibility"},"content":{"rendered":"<section class=\"bde-section-1483-133 bde-section\">\n              \n  \n\t\n\n  <div class=\"section-background-overlay\"><\/div>\n\n\n<div class=\"section-container\"><div class=\"bde-image-1483-134 bde-image\" data-parallax=\"true\">\n  \n\n\n\n\n\n<figure class=\"breakdance-image breakdance-image--1525\">\n\t<div class=\"breakdance-image-container\">\n\t\t<div class=\"breakdance-image-clip\">\n\t\t\t\n\t\t\t\t\n\t\t\t\t\t      \n  \n  \n  \n  \n      \n      <img loading=\"lazy\" decoding=\"async\"\n      class=\"breakdance-image-object\"\n      src=\"https:\/\/ae-nergy.dk\/wp-content\/uploads\/2024\/12\/2024_11_Aenergy_Hoevsoere_0040-1024x683.jpg\"\n      width=\"1024\"\n      height=\"683\"\n      \n      \n                                    srcset=\"https:\/\/ae-nergy.dk\/wp-content\/uploads\/2024\/12\/2024_11_Aenergy_Hoevsoere_0040-1024x683.jpg 1024w, https:\/\/ae-nergy.dk\/wp-content\/uploads\/2024\/12\/2024_11_Aenergy_Hoevsoere_0040-300x200.jpg 300w, https:\/\/ae-nergy.dk\/wp-content\/uploads\/2024\/12\/2024_11_Aenergy_Hoevsoere_0040-768x512.jpg 768w, https:\/\/ae-nergy.dk\/wp-content\/uploads\/2024\/12\/2024_11_Aenergy_Hoevsoere_0040-1536x1025.jpg 1536w, https:\/\/ae-nergy.dk\/wp-content\/uploads\/2024\/12\/2024_11_Aenergy_Hoevsoere_0040-18x12.jpg 18w\"\n                                                                      >\n  \n\n\t\t\t\t\t\n\t\t\t\t\t\t<\/div>\n\t<\/div>\n\n\t<\/figure>\n\n<\/div><div class=\"bde-div-1483-135 bde-div\">\n  \n\t\n\n\n\n<h1 class=\"bde-heading-1483-137 bde-heading textify\">\nResponsibility\n<\/h1><div class=\"bde-div-1483-136 bde-div\">\n  \n\t\n\n\n\n<div class=\"bde-text-1483-138 bde-text\">\n<br>A key part of being \"clear as day\" involves both communicating and enforcing responsibility throughout our value chain.<br><br>Our responsibility policy is thus one of the cornerstones of our way of doing business.<br><br>With a strong focus on ethics, transparency and sustainability, we work purposefully to create value for both people and the environment. <br>Transparency is part of our identity because accountability, credibility and transparency are the foundation of everything we do. <br><br>Therefore, it is important to us that all suppliers, service providers and partners comply with the principles of our Code of Conduct.\n<\/div>\n<\/div>\n<\/div><\/div>\n<\/section><section class=\"bde-section-1483-125 bde-section\">\n  \n\t\n\n\n\n<div class=\"section-container\"><div class=\"bde-div-1483-123 bde-div\" data-entrance=\"slideUp\">\n  \n\t\n\n\n\n<h2 class=\"bde-heading-1483-122 bde-heading\">\nDocumentation\n<\/h2><div class=\"bde-text-1483-141 bde-text\">\nHere you can download \u00c6nergy's Code of Conduct and our whistleblower policy.\n<\/div>\n<\/div><div class=\"bde-div-1483-139 bde-div\">\n  \n\t\n\n\n\n<div class=\"bde-repeater-element-1483-151 bde-repeater-element\">\n  <div class=\"ee-posts bde-dynamic-repeater bde-dynamic-repeater-151 bde-dynamic-repeater-grid\"><article class=\"ee-post bde-dynamic-repeater-item\"><a class=\"bde-container-link-1500-103-1483-1 bde-container-link bde-container-link-1500-103 breakdance-link\" href=\"https:\/\/ae-nergy.dk\/wp-content\/uploads\/2024\/12\/Pkt.-11a-Code-of-conduct.pdf\" target=\"_blank\" data-type=\"url\">\n  \n\t\n\n\n\n<h3 class=\"bde-heading-1500-101-1483-1 bde-heading bde-heading-1500-101\">\nCode of conduct\n<\/h3><div class=\"bde-div-1500-104-1483-1 bde-div bde-div-1500-104\">\n  \n\t\n\n\n\n<div class=\"bde-text-1500-102-1483-1 bde-text bde-text-1500-102\">\n\n<\/div>\n<\/div><div class=\"bde-button-1500-105-1483-1 bde-button bde-button-1500-105\">\n    \n                                    \n    \n    \n    \n    \n            \n            <button type=\"button\" class=\"button-atom button-atom--secondary bde-button__button\"  >\n    \n        <span class=\"button-atom__text\">Download the file<\/span>\n\n        \n        \n            <\/button>\n    \n\n\n<\/div>\n\n<\/a><\/article><article class=\"ee-post bde-dynamic-repeater-item\"><a class=\"bde-container-link-1500-103-1483-2 bde-container-link bde-container-link-1500-103 breakdance-link\" href=\"https:\/\/ae-nergy.dk\/wp-content\/uploads\/2024\/12\/Pkt.-11b-Whistleblower-Policy.pdf\" target=\"_blank\" data-type=\"url\">\n  \n\t\n\n\n\n<h3 class=\"bde-heading-1500-101-1483-2 bde-heading bde-heading-1500-101\">\nWhistleblower policy\n<\/h3><div class=\"bde-div-1500-104-1483-2 bde-div bde-div-1500-104\">\n  \n\t\n\n\n\n<div class=\"bde-text-1500-102-1483-2 bde-text bde-text-1500-102\">\n\n<\/div>\n<\/div><div class=\"bde-button-1500-105-1483-2 bde-button bde-button-1500-105\">\n    \n                                    \n    \n    \n    \n    \n            \n            <button type=\"button\" class=\"button-atom button-atom--secondary bde-button__button\"  >\n    \n        <span class=\"button-atom__text\">Download the file<\/span>\n\n        \n        \n            <\/button>\n    \n\n\n<\/div>\n\n<\/a><\/article><\/div>\n\n<\/div>\n<\/div><\/div>\n<\/section><section class=\"bde-section-1483-106 bde-section\">\n  \n\t\n\n\n\n<div class=\"section-container\"><h2 class=\"bde-heading-1483-107 bde-heading textify\">\nContact us here\n<\/h2><div class=\"bde-div-1483-108 bde-div\">\n  \n\t\n\n\n\n<div class=\"bde-text-1483-109 bde-text\">\nFill out the contact form to send us your message. <br><br>We will return as soon as possible.\n<\/div>\n<\/div><div class=\"bde-div-1483-110 bde-div\">\n  \n\t\n\n\n\n<div class=\"bde-globalblock-1483-111 bde-globalblock\">\n<div class=\"bde-form-builder-580-100 bde-form-builder\">\n\n\n<form id=\"kontaktformular100\" class=\"breakdance-form breakdance-form--vertical has-breakpoints\" data-options=\"{&quot;slug&quot;:&quot;custom&quot;,&quot;name&quot;:&quot;Kontaktformular&quot;,&quot;ajaxUrl&quot;:&quot;https:\\\/\\\/ae-nergy.dk\\\/wp-admin\\\/admin-ajax.php&quot;,&quot;clearOnSuccess&quot;:true,&quot;hideOnSuccess&quot;:false,&quot;successMessage&quot;:&quot;Tak! Vi har modtaget din besked og vi vil besvare den hurtigst muligt.&quot;,&quot;errorMessage&quot;:&quot;Something went wrong&quot;,&quot;redirect&quot;:false,&quot;redirectUrl&quot;:&quot;&quot;,&quot;customJavaScript&quot;:&quot;&quot;,&quot;recaptcha&quot;:{&quot;key&quot;:&quot;&quot;,&quot;enabled&quot;:false},&quot;honeypot_enabled&quot;:false,&quot;popupsOnSuccess&quot;:[],&quot;popupsOnError&quot;:[]}\" data-steps=\"0\" action=\"\" >\n  \n  \n  \n<div class=\"breakdance-form-field breakdance-form-field--text\" >\n    \n    \n            <label class=\"breakdance-form-field__label\" for=\"name\">\n            Name<span class=\"breakdance-form-field__required\">*<\/span>\n        <\/label>\n    \n    <input\n    class=\"breakdance-form-field__input\"\n    id=\"name\"\n    aria-describedby=\"name\"\n    type=\"text\"\n    name=\"fields[name]\"\n    placeholder=\"Full name\"\n    value=\"\"\n                \n        \n        \n    required\n>\n\n\n    \n    \n<\/div>\n\n\n<div class=\"breakdance-form-field breakdance-form-field--email\" >\n    \n    \n            <label class=\"breakdance-form-field__label\" for=\"email\">\n            E-mail<span class=\"breakdance-form-field__required\">*<\/span>\n        <\/label>\n    \n    <input\n    class=\"breakdance-form-field__input\"\n    id=\"email\"\n    aria-describedby=\"email\"\n    type=\"email\"\n    name=\"fields[email]\"\n    placeholder=\"Email address\"\n    value=\"\"\n                \n        \n        \n    required\n>\n\n\n    \n    \n<\/div>\n\n\n<div class=\"breakdance-form-field breakdance-form-field--textarea\" >\n    \n    \n            <label class=\"breakdance-form-field__label\" for=\"message\">\n            Message\n        <\/label>\n    \n    <textarea\n    class=\"breakdance-form-field__input\"\n    id=\"message\"\n    aria-describedby=\"message\"\n    type=\"textarea\"\n    name=\"fields[message]\"\n        placeholder=\"Write us a message..\"\n    \n    >\n<\/textarea>\n\n\n    \n    \n<\/div>\n\n\n<div class=\"breakdance-form-field breakdance-form-field--checkbox\" >\n    \n    \n    \n    <fieldset role=\"group\"\n    >\n          <div class=\"breakdance-form-checkbox\">\n          <input\n              type=\"checkbox\"\n              name=\"fields[accept]\"\n              value=\"Jeg accepterer at \u00c6nergy P\/S og deres samarbejdere vil opbevare og behandle mine oplysninger forsvarligt i overensstemmelse med g\u00e6ldende databeskyttelsesregler.\"\n              id=\"accept-1\"\n              \n                        >\n          <label class=\"breakdance-form-checkbox__text\" for=\"accept-1\">I accept that \u00c6nergy P\/S and their collaborators will store and process my information properly in accordance with applicable data protection regulations.<\/label>\n      <\/div>\n  <\/fieldset>\n\n\n\n    \n    \n<\/div>\n\n\n  \n\n<div class=\"breakdance-form-field breakdance-form-footer\">\n    \n    \n                                    \n    \n    \n    \n    \n            \n            <button type=\"submit\" class=\"button-atom button-atom--primary breakdance-form-button breakdance-form-button__submit\"  >\n    \n        <span class=\"button-atom__text\">send Message<\/span>\n\n        \n        \n            <\/button>\n    \n    <input type=\"hidden\" name=\"form_id\" value=\"100\">\n    <input type=\"hidden\" name=\"post_id\" value=\"580\">\n<\/div>\n\n  \n<input type=\"hidden\" name=\"trp-form-language\" value=\"en\"\/><\/form>\n\n\n\n<\/div>\n<\/div>\n<\/div><\/div>\n<\/section>","protected":false},"excerpt":{"rendered":"<p>Responsibility A central part of being \u201cclear as day\u201d involves both communicating and enforcing responsibility throughout our value chain. Our responsibility policy is thus one of the cornerstones of our way of doing business. With a strong focus on ethics, transparency and sustainability, we work purposefully to create value for both people and the environment. [\u2026]<\/p>","protected":false},"author":7,"featured_media":0,"parent":0,"menu_order":0,"comment_status":"closed","ping_status":"closed","template":"","meta":{"_acf_changed":false,"_monsterinsights_skip_tracking":false,"_monsterinsights_sitenote_active":false,"_monsterinsights_sitenote_note":"","_monsterinsights_sitenote_category":0,"_breakdance_hide_in_design_set":false,"_breakdance_tags":"","footnotes":""},"class_list":["post-1483","page","type-page","status-publish","hentry"],"acf":[],"yoast_head":"<!-- This site is optimized with the Yoast SEO plugin v22.1 - https:\/\/yoast.com\/wordpress\/plugins\/seo\/ -->\n<title>Ansvarlighed - \u00c6nergy<\/title>\n<meta name=\"robots\" content=\"index, follow, max-snippet:-1, max-image-preview:large, max-video-preview:-1\" \/>\n<link rel=\"canonical\" href=\"https:\/\/ae-nergy.dk\/en\/ansvarlighed\/\" \/>\n<meta property=\"og:locale\" content=\"en_GB\" \/>\n<meta property=\"og:type\" content=\"article\" \/>\n<meta property=\"og:title\" content=\"Ansvarlighed - \u00c6nergy\" \/>\n<meta property=\"og:description\" content=\"Ansvarlighed En central del af at v\u00e6re &quot;clear as day&quot; indeb\u00e6rer, at vi b\u00e5de kommunikerer og h\u00e5ndh\u00e6ver ansvarlighed i hele vores v\u00e6rdik\u00e6de.Vores ansvarlighedspolitik er s\u00e5ledes en af grundpillerne i vores m\u00e5de at drive forretning p\u00e5.Med et st\u00e6rkt fokus p\u00e5 etik, transparens og b\u00e6redygtighed arbejder vi m\u00e5lrettet p\u00e5 at skabe v\u00e6rdi for b\u00e5de mennesker og milj\u00f8. [&hellip;]\" \/>\n<meta property=\"og:url\" content=\"https:\/\/ae-nergy.dk\/en\/ansvarlighed\/\" \/>\n<meta property=\"og:site_name\" content=\"\u00c6nergy\" \/>\n<meta property=\"article:modified_time\" content=\"2024-12-16T13:27:07+00:00\" \/>\n<meta name=\"twitter:card\" content=\"summary_large_image\" \/>\n<meta name=\"twitter:label1\" content=\"Estimated reading time\" \/>\n\t<meta name=\"twitter:data1\" content=\"1 minute\" \/>\n<script type=\"application\/ld+json\" class=\"yoast-schema-graph\">{\"@context\":\"https:\/\/schema.org\",\"@graph\":[{\"@type\":\"WebPage\",\"@id\":\"https:\/\/ae-nergy.dk\/ansvarlighed\/\",\"url\":\"https:\/\/ae-nergy.dk\/ansvarlighed\/\",\"name\":\"Ansvarlighed - \u00c6nergy\",\"isPartOf\":{\"@id\":\"https:\/\/ae-nergy.dk\/#website\"},\"datePublished\":\"2024-12-16T12:43:40+00:00\",\"dateModified\":\"2024-12-16T13:27:07+00:00\",\"breadcrumb\":{\"@id\":\"https:\/\/ae-nergy.dk\/ansvarlighed\/#breadcrumb\"},\"inLanguage\":\"en-GB\",\"potentialAction\":[{\"@type\":\"ReadAction\",\"target\":[\"https:\/\/ae-nergy.dk\/ansvarlighed\/\"]}]},{\"@type\":\"BreadcrumbList\",\"@id\":\"https:\/\/ae-nergy.dk\/ansvarlighed\/#breadcrumb\",\"itemListElement\":[{\"@type\":\"ListItem\",\"position\":1,\"name\":\"Home\",\"item\":\"https:\/\/ae-nergy.dk\/\"},{\"@type\":\"ListItem\",\"position\":2,\"name\":\"Ansvarlighed\"}]},{\"@type\":\"WebSite\",\"@id\":\"https:\/\/ae-nergy.dk\/#website\",\"url\":\"https:\/\/ae-nergy.dk\/\",\"name\":\"\u00c6nergy\",\"description\":\"Fremtidens energiparker\",\"potentialAction\":[{\"@type\":\"SearchAction\",\"target\":{\"@type\":\"EntryPoint\",\"urlTemplate\":\"https:\/\/ae-nergy.dk\/?s={search_term_string}\"},\"query-input\":\"required name=search_term_string\"}],\"inLanguage\":\"en-GB\"}]}<\/script>\n<!-- \/ Yoast SEO plugin. -->","yoast_head_json":{"title":"Ansvarlighed - \u00c6nergy","robots":{"index":"index","follow":"follow","max-snippet":"max-snippet:-1","max-image-preview":"max-image-preview:large","max-video-preview":"max-video-preview:-1"},"canonical":"https:\/\/ae-nergy.dk\/en\/ansvarlighed\/","og_locale":"en_GB","og_type":"article","og_title":"Ansvarlighed - \u00c6nergy","og_description":"Ansvarlighed En central del af at v\u00e6re \"clear as day\" indeb\u00e6rer, at vi b\u00e5de kommunikerer og h\u00e5ndh\u00e6ver ansvarlighed i hele vores v\u00e6rdik\u00e6de.Vores ansvarlighedspolitik er s\u00e5ledes en af grundpillerne i vores m\u00e5de at drive forretning p\u00e5.Med et st\u00e6rkt fokus p\u00e5 etik, transparens og b\u00e6redygtighed arbejder vi m\u00e5lrettet p\u00e5 at skabe v\u00e6rdi for b\u00e5de mennesker og milj\u00f8. [&hellip;]","og_url":"https:\/\/ae-nergy.dk\/en\/ansvarlighed\/","og_site_name":"\u00c6nergy","article_modified_time":"2024-12-16T13:27:07+00:00","twitter_card":"summary_large_image","twitter_misc":{"Estimated reading time":"1 minute"},"schema":{"@context":"https:\/\/schema.org","@graph":[{"@type":"WebPage","@id":"https:\/\/ae-nergy.dk\/ansvarlighed\/","url":"https:\/\/ae-nergy.dk\/ansvarlighed\/","name":"Ansvarlighed - \u00c6nergy","isPartOf":{"@id":"https:\/\/ae-nergy.dk\/#website"},"datePublished":"2024-12-16T12:43:40+00:00","dateModified":"2024-12-16T13:27:07+00:00","breadcrumb":{"@id":"https:\/\/ae-nergy.dk\/ansvarlighed\/#breadcrumb"},"inLanguage":"en-GB","potentialAction":[{"@type":"ReadAction","target":["https:\/\/ae-nergy.dk\/ansvarlighed\/"]}]},{"@type":"BreadcrumbList","@id":"https:\/\/ae-nergy.dk\/ansvarlighed\/#breadcrumb","itemListElement":[{"@type":"ListItem","position":1,"name":"Home","item":"https:\/\/ae-nergy.dk\/"},{"@type":"ListItem","position":2,"name":"Ansvarlighed"}]},{"@type":"WebSite","@id":"https:\/\/ae-nergy.dk\/#website","url":"https:\/\/ae-nergy.dk\/","name":"\u00c6nergy","description":"Fremtidens energiparker","potentialAction":[{"@type":"SearchAction","target":{"@type":"EntryPoint","urlTemplate":"https:\/\/ae-nergy.dk\/?s={search_term_string}"},"query-input":"required name=search_term_string"}],"inLanguage":"en-GB"}]}},"_links":{"self":[{"href":"https:\/\/ae-nergy.dk\/en\/wp-json\/wp\/v2\/pages\/1483","targetHints":{"allow":["GET"]}}],"collection":[{"href":"https:\/\/ae-nergy.dk\/en\/wp-json\/wp\/v2\/pages"}],"about":[{"href":"https:\/\/ae-nergy.dk\/en\/wp-json\/wp\/v2\/types\/page"}],"author":[{"embeddable":true,"href":"https:\/\/ae-nergy.dk\/en\/wp-json\/wp\/v2\/users\/7"}],"replies":[{"embeddable":true,"href":"https:\/\/ae-nergy.dk\/en\/wp-json\/wp\/v2\/comments?post=1483"}],"version-history":[{"count":31,"href":"https:\/\/ae-nergy.dk\/en\/wp-json\/wp\/v2\/pages\/1483\/revisions"}],"predecessor-version":[{"id":1536,"href":"https:\/\/ae-nergy.dk\/en\/wp-json\/wp\/v2\/pages\/1483\/revisions\/1536"}],"wp:attachment":[{"href":"https:\/\/ae-nergy.dk\/en\/wp-json\/wp\/v2\/media?parent=1483"}],"curies":[{"name":"wp","href":"https:\/\/api.w.org\/{rel}","templated":true}]}}