{"id":497,"date":"2023-11-10T13:19:50","date_gmt":"2023-11-10T12:19:50","guid":{"rendered":"https:\/\/aenergy.dev2.webko.io\/?page_id=497"},"modified":"2026-03-02T10:33:41","modified_gmt":"2026-03-02T09:33:41","slug":"presse","status":"publish","type":"page","link":"https:\/\/ae-nergy.dk\/en\/presse\/","title":{"rendered":"Press"},"content":{"rendered":"<section class=\"bde-section-497-113 bde-section\">\n  \n\t\n\n\n\n<div class=\"section-container\"><h1 class=\"bde-heading-497-104 bde-heading\">\nPress\n<\/h1><div class=\"bde-text-497-115 bde-text\">\nHere you can see press releases and other press material regarding \u00c6nergy\n<\/div><\/div>\n<\/section><section class=\"bde-section-497-121 bde-section\">\n  \n\t\n\n\n\n<div class=\"section-container\"><div class=\"bde-columns-497-140 bde-columns\"><div class=\"bde-column-497-142 bde-column\">\n  \n\t\n\n\n\n<div class=\"bde-columns-497-151 bde-columns\"><div class=\"bde-column-497-152 bde-column\">\n  \n\t\n\n\n\n<div class=\"bde-text-497-114 bde-text\">\nPress release about the sale of Solar Park Nagb\u00f8l. March 2026\n<\/div><div class=\"bde-image-497-158 bde-image\">\n  \n\n\n\n\n\n<figure class=\"breakdance-image breakdance-image--1587\">\n\t<div class=\"breakdance-image-container\">\n\t\t<div class=\"breakdance-image-clip\">\n\t\t\t\n\t\t\t\t\n\t\t\t\t\t      \n  \n  \n  \n  \n      \n      <img loading=\"lazy\" decoding=\"async\"\n      class=\"breakdance-image-object\"\n      src=\"https:\/\/ae-nergy.dk\/wp-content\/uploads\/2026\/03\/Skaermbillede-2026-03-02-103158.png\"\n      width=\"665\"\n      height=\"947\"\n      \n      \n                                    srcset=\"https:\/\/ae-nergy.dk\/wp-content\/uploads\/2026\/03\/Skaermbillede-2026-03-02-103158.png 665w, https:\/\/ae-nergy.dk\/wp-content\/uploads\/2026\/03\/Skaermbillede-2026-03-02-103158-211x300.png 211w, https:\/\/ae-nergy.dk\/wp-content\/uploads\/2026\/03\/Skaermbillede-2026-03-02-103158-8x12.png 8w\"\n                                                                      >\n  \n\n\t\t\t\t\t\n\t\t\t\t\t\t<\/div>\n\t<\/div>\n\n\t<\/figure>\n\n<\/div><div class=\"bde-text-497-157 bde-text\">\nPress release about the sale of Solar Park Krogh\u00f8j. September 2025\n<\/div><div class=\"bde-image-497-154 bde-image\">\n  \n\n\n\n\n\n<figure class=\"breakdance-image breakdance-image--1553\">\n\t<div class=\"breakdance-image-container\">\n\t\t<div class=\"breakdance-image-clip\">\n\t\t\t\n\t\t\t\t\n\t\t\t\t\t      \n  \n  \n  \n  \n      \n      <img loading=\"lazy\" decoding=\"async\"\n      class=\"breakdance-image-object\"\n      src=\"https:\/\/ae-nergy.dk\/wp-content\/uploads\/2025\/09\/Skaermbillede-2025-09-30-085301.png\"\n      width=\"903\"\n      height=\"1279\"\n      \n      \n                                    srcset=\"https:\/\/ae-nergy.dk\/wp-content\/uploads\/2025\/09\/Skaermbillede-2025-09-30-085301.png 903w, https:\/\/ae-nergy.dk\/wp-content\/uploads\/2025\/09\/Skaermbillede-2025-09-30-085301-212x300.png 212w, https:\/\/ae-nergy.dk\/wp-content\/uploads\/2025\/09\/Skaermbillede-2025-09-30-085301-723x1024.png 723w, https:\/\/ae-nergy.dk\/wp-content\/uploads\/2025\/09\/Skaermbillede-2025-09-30-085301-768x1088.png 768w, https:\/\/ae-nergy.dk\/wp-content\/uploads\/2025\/09\/Skaermbillede-2025-09-30-085301-8x12.png 8w\"\n                                                                      >\n  \n\n\t\t\t\t\t\n\t\t\t\t\t\t<\/div>\n\t<\/div>\n\n\t<\/figure>\n\n<\/div>\n<\/div><\/div>\n<\/div><\/div><\/div>\n<\/section><section class=\"bde-section-497-103 bde-section\">\n  \n\t\n\n\n\n<div class=\"section-container\"><div class=\"bde-text-497-156 bde-text\">\nPress release on the foundation of \u00c6nergy. December 2023\n<\/div><div class=\"bde-columns-497-108 bde-columns\"><div class=\"bde-column-497-109 bde-column\">\n  \n\t\n\n\n\n<div class=\"bde-image-497-111 bde-image\">\n  \n\n\n\n\n\n<figure class=\"breakdance-image breakdance-image--1003\">\n\t<div class=\"breakdance-image-container\">\n\t\t<div class=\"breakdance-image-clip\">\n\t\t\t\n\t\t\t\t\n\t\t\t\t\t      \n  \n  \n  \n  \n      \n      <img loading=\"lazy\" decoding=\"async\"\n      class=\"breakdance-image-object\"\n      src=\"https:\/\/ae-nergy.dk\/wp-content\/uploads\/2023\/12\/Skaermbillede-2023-12-20-144952.png\"\n      width=\"840\"\n      height=\"1191\"\n      \n      \n                                    srcset=\"https:\/\/ae-nergy.dk\/wp-content\/uploads\/2023\/12\/Skaermbillede-2023-12-20-144952.png 840w, https:\/\/ae-nergy.dk\/wp-content\/uploads\/2023\/12\/Skaermbillede-2023-12-20-144952-212x300.png 212w, https:\/\/ae-nergy.dk\/wp-content\/uploads\/2023\/12\/Skaermbillede-2023-12-20-144952-722x1024.png 722w, https:\/\/ae-nergy.dk\/wp-content\/uploads\/2023\/12\/Skaermbillede-2023-12-20-144952-768x1089.png 768w, https:\/\/ae-nergy.dk\/wp-content\/uploads\/2023\/12\/Skaermbillede-2023-12-20-144952-8x12.png 8w\"\n                                                                      >\n  \n\n\t\t\t\t\t\n\t\t\t\t\t\t<\/div>\n\t<\/div>\n\n\t<\/figure>\n\n<\/div>\n<\/div><div class=\"bde-column-497-110 bde-column\">\n  \n\t\n\n\n\n<div class=\"bde-image-497-112 bde-image\">\n  \n\n\n\n\n\n<figure class=\"breakdance-image breakdance-image--1005\">\n\t<div class=\"breakdance-image-container\">\n\t\t<div class=\"breakdance-image-clip\">\n\t\t\t\n\t\t\t\t\n\t\t\t\t\t      \n  \n  \n  \n  \n      \n      <img loading=\"lazy\" decoding=\"async\"\n      class=\"breakdance-image-object\"\n      src=\"https:\/\/ae-nergy.dk\/wp-content\/uploads\/2023\/12\/S222kaermbillede-2023-12-20-145147.png\"\n      width=\"839\"\n      height=\"1187\"\n      \n      \n                                    srcset=\"https:\/\/ae-nergy.dk\/wp-content\/uploads\/2023\/12\/S222kaermbillede-2023-12-20-145147.png 839w, https:\/\/ae-nergy.dk\/wp-content\/uploads\/2023\/12\/S222kaermbillede-2023-12-20-145147-212x300.png 212w, https:\/\/ae-nergy.dk\/wp-content\/uploads\/2023\/12\/S222kaermbillede-2023-12-20-145147-724x1024.png 724w, https:\/\/ae-nergy.dk\/wp-content\/uploads\/2023\/12\/S222kaermbillede-2023-12-20-145147-768x1087.png 768w, https:\/\/ae-nergy.dk\/wp-content\/uploads\/2023\/12\/S222kaermbillede-2023-12-20-145147-8x12.png 8w\"\n                                                                      >\n  \n\n\t\t\t\t\t\n\t\t\t\t\t\t<\/div>\n\t<\/div>\n\n\t<\/figure>\n\n<\/div>\n<\/div><\/div><\/div>\n<\/section>","protected":false},"excerpt":{"rendered":"<p>Presse Her kan du se pressemeddelelser og andet pressemateriale vedr\u00f8rende \u00c6nergy Pressemeddelelse om salg af Solcellepark Nagb\u00f8l. Marts 2026 Pressemeddelelse om salg af Solcellepark Krogh\u00f8j. September 2025 Pressemeddelelse om stiftelsen af \u00c6nergy. December 2023<\/p>","protected":false},"author":4,"featured_media":0,"parent":0,"menu_order":0,"comment_status":"closed","ping_status":"closed","template":"","meta":{"_acf_changed":false,"_monsterinsights_skip_tracking":false,"_monsterinsights_sitenote_active":false,"_monsterinsights_sitenote_note":"","_monsterinsights_sitenote_category":0,"_breakdance_hide_in_design_set":false,"_breakdance_tags":"","footnotes":""},"class_list":["post-497","page","type-page","status-publish","hentry"],"acf":[],"yoast_head":"<!-- This site is optimized with the Yoast SEO plugin v22.1 - https:\/\/yoast.com\/wordpress\/plugins\/seo\/ -->\n<title>Presse - \u00c6nergy<\/title>\n<meta name=\"robots\" content=\"index, follow, max-snippet:-1, max-image-preview:large, max-video-preview:-1\" \/>\n<link rel=\"canonical\" href=\"https:\/\/ae-nergy.dk\/en\/presse\/\" \/>\n<meta property=\"og:locale\" content=\"en_GB\" \/>\n<meta property=\"og:type\" content=\"article\" \/>\n<meta property=\"og:title\" content=\"Presse - \u00c6nergy\" \/>\n<meta property=\"og:description\" content=\"Presse Her kan du se pressemeddelelser og andet pressemateriale vedr\u00f8rende \u00c6nergy Pressemeddelelse om salg af Solcellepark Nagb\u00f8l. Marts 2026 Pressemeddelelse om salg af Solcellepark Krogh\u00f8j. September 2025 Pressemeddelelse om stiftelsen af \u00c6nergy. December 2023\" \/>\n<meta property=\"og:url\" content=\"https:\/\/ae-nergy.dk\/en\/presse\/\" \/>\n<meta property=\"og:site_name\" content=\"\u00c6nergy\" \/>\n<meta property=\"article:modified_time\" content=\"2026-03-02T09:33:41+00:00\" \/>\n<meta name=\"twitter:card\" content=\"summary_large_image\" \/>\n<meta name=\"twitter:label1\" content=\"Estimated reading time\" \/>\n\t<meta name=\"twitter:data1\" content=\"1 minute\" \/>\n<script type=\"application\/ld+json\" class=\"yoast-schema-graph\">{\"@context\":\"https:\/\/schema.org\",\"@graph\":[{\"@type\":\"WebPage\",\"@id\":\"https:\/\/ae-nergy.dk\/presse\/\",\"url\":\"https:\/\/ae-nergy.dk\/presse\/\",\"name\":\"Presse - \u00c6nergy\",\"isPartOf\":{\"@id\":\"https:\/\/ae-nergy.dk\/#website\"},\"datePublished\":\"2023-11-10T12:19:50+00:00\",\"dateModified\":\"2026-03-02T09:33:41+00:00\",\"breadcrumb\":{\"@id\":\"https:\/\/ae-nergy.dk\/presse\/#breadcrumb\"},\"inLanguage\":\"en-GB\",\"potentialAction\":[{\"@type\":\"ReadAction\",\"target\":[\"https:\/\/ae-nergy.dk\/presse\/\"]}]},{\"@type\":\"BreadcrumbList\",\"@id\":\"https:\/\/ae-nergy.dk\/presse\/#breadcrumb\",\"itemListElement\":[{\"@type\":\"ListItem\",\"position\":1,\"name\":\"Home\",\"item\":\"https:\/\/ae-nergy.dk\/\"},{\"@type\":\"ListItem\",\"position\":2,\"name\":\"Presse\"}]},{\"@type\":\"WebSite\",\"@id\":\"https:\/\/ae-nergy.dk\/#website\",\"url\":\"https:\/\/ae-nergy.dk\/\",\"name\":\"\u00c6nergy\",\"description\":\"Fremtidens energiparker\",\"potentialAction\":[{\"@type\":\"SearchAction\",\"target\":{\"@type\":\"EntryPoint\",\"urlTemplate\":\"https:\/\/ae-nergy.dk\/?s={search_term_string}\"},\"query-input\":\"required name=search_term_string\"}],\"inLanguage\":\"en-GB\"}]}<\/script>\n<!-- \/ Yoast SEO plugin. -->","yoast_head_json":{"title":"Presse - \u00c6nergy","robots":{"index":"index","follow":"follow","max-snippet":"max-snippet:-1","max-image-preview":"max-image-preview:large","max-video-preview":"max-video-preview:-1"},"canonical":"https:\/\/ae-nergy.dk\/en\/presse\/","og_locale":"en_GB","og_type":"article","og_title":"Presse - \u00c6nergy","og_description":"Presse Her kan du se pressemeddelelser og andet pressemateriale vedr\u00f8rende \u00c6nergy Pressemeddelelse om salg af Solcellepark Nagb\u00f8l. Marts 2026 Pressemeddelelse om salg af Solcellepark Krogh\u00f8j. September 2025 Pressemeddelelse om stiftelsen af \u00c6nergy. December 2023","og_url":"https:\/\/ae-nergy.dk\/en\/presse\/","og_site_name":"\u00c6nergy","article_modified_time":"2026-03-02T09:33:41+00:00","twitter_card":"summary_large_image","twitter_misc":{"Estimated reading time":"1 minute"},"schema":{"@context":"https:\/\/schema.org","@graph":[{"@type":"WebPage","@id":"https:\/\/ae-nergy.dk\/presse\/","url":"https:\/\/ae-nergy.dk\/presse\/","name":"Presse - \u00c6nergy","isPartOf":{"@id":"https:\/\/ae-nergy.dk\/#website"},"datePublished":"2023-11-10T12:19:50+00:00","dateModified":"2026-03-02T09:33:41+00:00","breadcrumb":{"@id":"https:\/\/ae-nergy.dk\/presse\/#breadcrumb"},"inLanguage":"en-GB","potentialAction":[{"@type":"ReadAction","target":["https:\/\/ae-nergy.dk\/presse\/"]}]},{"@type":"BreadcrumbList","@id":"https:\/\/ae-nergy.dk\/presse\/#breadcrumb","itemListElement":[{"@type":"ListItem","position":1,"name":"Home","item":"https:\/\/ae-nergy.dk\/"},{"@type":"ListItem","position":2,"name":"Presse"}]},{"@type":"WebSite","@id":"https:\/\/ae-nergy.dk\/#website","url":"https:\/\/ae-nergy.dk\/","name":"\u00c6nergy","description":"Fremtidens energiparker","potentialAction":[{"@type":"SearchAction","target":{"@type":"EntryPoint","urlTemplate":"https:\/\/ae-nergy.dk\/?s={search_term_string}"},"query-input":"required name=search_term_string"}],"inLanguage":"en-GB"}]}},"_links":{"self":[{"href":"https:\/\/ae-nergy.dk\/en\/wp-json\/wp\/v2\/pages\/497","targetHints":{"allow":["GET"]}}],"collection":[{"href":"https:\/\/ae-nergy.dk\/en\/wp-json\/wp\/v2\/pages"}],"about":[{"href":"https:\/\/ae-nergy.dk\/en\/wp-json\/wp\/v2\/types\/page"}],"author":[{"embeddable":true,"href":"https:\/\/ae-nergy.dk\/en\/wp-json\/wp\/v2\/users\/4"}],"replies":[{"embeddable":true,"href":"https:\/\/ae-nergy.dk\/en\/wp-json\/wp\/v2\/comments?post=497"}],"version-history":[{"count":15,"href":"https:\/\/ae-nergy.dk\/en\/wp-json\/wp\/v2\/pages\/497\/revisions"}],"predecessor-version":[{"id":1588,"href":"https:\/\/ae-nergy.dk\/en\/wp-json\/wp\/v2\/pages\/497\/revisions\/1588"}],"wp:attachment":[{"href":"https:\/\/ae-nergy.dk\/en\/wp-json\/wp\/v2\/media?parent=497"}],"curies":[{"name":"wp","href":"https:\/\/api.w.org\/{rel}","templated":true}]}}