{"id":94,"date":"2023-11-09T14:35:06","date_gmt":"2023-11-09T13:35:06","guid":{"rendered":"https:\/\/aenergy.dev2.webko.io\/?page_id=94"},"modified":"2024-03-05T13:18:43","modified_gmt":"2024-03-05T12:18:43","slug":"om-os","status":"publish","type":"page","link":"https:\/\/ae-nergy.dk\/en\/om-os\/","title":{"rendered":"About us"},"content":{"rendered":"<section class=\"bde-section-94-101 bde-section\">\n              \n  \n\t\n\n  <div class=\"section-background-overlay\"><\/div>\n\n\n<div class=\"section-container\"><div class=\"bde-image-94-148 bde-image\" data-parallax=\"true\">\n  \n\n\n\n\n\n<figure class=\"breakdance-image breakdance-image--927\">\n\t<div class=\"breakdance-image-container\">\n\t\t<div class=\"breakdance-image-clip\">\n\t\t\t\n\t\t\t\t\n\t\t\t\t\t      \n  \n  \n  \n  \n      \n      <img loading=\"lazy\" decoding=\"async\"\n      class=\"breakdance-image-object\"\n      src=\"https:\/\/ae-nergy.dk\/wp-content\/uploads\/2023\/11\/banner06.jpg\"\n      width=\"2000\"\n      height=\"1000\"\n      \n      \n                                    srcset=\"https:\/\/ae-nergy.dk\/wp-content\/uploads\/2023\/11\/banner06.jpg 2000w, https:\/\/ae-nergy.dk\/wp-content\/uploads\/2023\/11\/banner06-300x150.jpg 300w, https:\/\/ae-nergy.dk\/wp-content\/uploads\/2023\/11\/banner06-1024x512.jpg 1024w, https:\/\/ae-nergy.dk\/wp-content\/uploads\/2023\/11\/banner06-768x384.jpg 768w, https:\/\/ae-nergy.dk\/wp-content\/uploads\/2023\/11\/banner06-1536x768.jpg 1536w\"\n                                                                      >\n  \n\n\t\t\t\t\t\n\t\t\t\t\t\t<\/div>\n\t<\/div>\n\n\t<\/figure>\n\n<\/div><div class=\"bde-div-94-149 bde-div\">\n  \n\t\n\n\n\n<div class=\"bde-div-94-147 bde-div\">\n  \n\t\n\n\n\n<h1 class=\"bde-heading-94-102 bde-heading textify\">\nAbout us\n<\/h1><div class=\"bde-text-94-103 bde-text\">\n\u00c6nergy is a developer of renewable energy. The company was born out of an amba with a strong set of values and its feet firmly planted on the ground with strong Danish roots.\n<\/div>\n<\/div>\n<\/div><\/div>\n<\/section><section class=\"bde-section-94-105 bde-section\">\n  \n\t\n\n\n\n<div class=\"section-container\"><div class=\"bde-div-94-106 bde-div\">\n  \n\t\n\n\n\n<h2 class=\"bde-heading-94-107 bde-heading\">\nOur approach\n<\/h2><div class=\"bde-text-94-108 bde-text\">\n\u00c6nergy operates based on a concept called Clear as day.<br><br>Clear as day is a quality assurance of our work process. We believe that by being transparent about our procedures, we ensure that all parties to the solar park understand their value.<br><br>Clear as day must also ensure that when we make a choice, we have assessed that it can withstand the light of day. We act ethically, and our process always takes the environment and local area into consideration. To ensure that our solar parks are financially sound, we create a tailor-made solution for each individual park, and we are extremely careful in selecting the type of technical and practical solutions.\n<\/div>\n<\/div><\/div>\n<\/section><section class=\"bde-section-94-109 bde-section\">\n              \n  \n\t\n\n\n\n<div class=\"section-container\"><div class=\"bde-image-94-110 bde-image\" data-entrance=\"slideUp\">\n  \n\n\n\n\n\n<figure class=\"breakdance-image breakdance-image--923\">\n\t<div class=\"breakdance-image-container\">\n\t\t<div class=\"breakdance-image-clip\">\n\t\t\t\n\t\t\t\t\n\t\t\t\t\t      \n  \n  \n  \n  \n      \n      <img loading=\"lazy\" decoding=\"async\"\n      class=\"breakdance-image-object\"\n      src=\"https:\/\/ae-nergy.dk\/wp-content\/uploads\/2023\/11\/solcelle-img01.jpg\"\n      width=\"2000\"\n      height=\"900\"\n      \n      \n                                    srcset=\"https:\/\/ae-nergy.dk\/wp-content\/uploads\/2023\/11\/solcelle-img01.jpg 2000w, https:\/\/ae-nergy.dk\/wp-content\/uploads\/2023\/11\/solcelle-img01-300x135.jpg 300w, https:\/\/ae-nergy.dk\/wp-content\/uploads\/2023\/11\/solcelle-img01-1024x461.jpg 1024w, https:\/\/ae-nergy.dk\/wp-content\/uploads\/2023\/11\/solcelle-img01-768x346.jpg 768w, https:\/\/ae-nergy.dk\/wp-content\/uploads\/2023\/11\/solcelle-img01-1536x691.jpg 1536w\"\n                                                                      >\n  \n\n\t\t\t\t\t\n\t\t\t\t\t\t<\/div>\n\t<\/div>\n\n\t<\/figure>\n\n<\/div><\/div>\n<\/section><section class=\"bde-section-94-111 bde-section\">\n  \n\t\n\n\n\n<div class=\"section-container\"><h3 class=\"bde-heading-94-112 bde-heading\">\nExperts in renewable energy\n<\/h3><div class=\"bde-text-94-113 bde-text\">\n\u00c6nergy manages the entire process \u2013 from the first agreement to the operating PV plant. In this way, we ensure the control of all individual processes and our work in general.<br><br>When you choose to enter into a collaboration with \u00c6nergy, you are also choosing to take part in a long-standing practice that is based on expertise in renewable energy.\n<\/div><div class=\"bde-button-94-114 bde-button\">\n    \n                                    \n    \n    \n    \n    \n            \n                    \n            \n            \n\n    \n    \n    \n    \n    <a class=\"breakdance-link button-atom button-atom--primary bde-button__button\" href=\"\/en\/projekter\/\" target=\"_self\" data-type=\"url\"  >\n\n    \n        <span class=\"button-atom__text\">See our projects<\/span>\n\n        \n        \n                <\/a>\n\n    \n\n\n<\/div><\/div>\n<\/section><section class=\"bde-section-94-115 bde-section\">\n  \n\t\n\n\n\n<div class=\"section-container\"><h3 class=\"bde-heading-94-116 bde-heading\">\nOwners\n<\/h3><div class=\"bde-text-94-117 bde-text\">\nWe are owned by Jysk Energi, Raundahl &amp; Moesby and ACK Holding.<br><br>Since \u00c6nergy takes care of the entire value chain from planning to establishment to operation of renewable energy plants, it is essential that behind the facade there is a strong, robust and experienced group of owners who together contain a wide range of subject-specific competences.<br><br>With an ownership group with many years of experience from the energy and real estate industries respectively, \u00c6nergy has thus secured a strong starting point when it comes to responsibility for both the development and operation of the renewable energy resources of the future.<br>\n<\/div><div class=\"bde-button-94-118 bde-button\">\n    \n                                    \n    \n    \n    \n    \n            \n                    \n            \n            \n\n    \n    \n    \n    \n    <a class=\"breakdance-link button-atom button-atom--secondary bde-button__button\" href=\"https:\/\/ae-nergy.dk\/en\/teamet\/\" target=\"_self\" data-type=\"url\"  >\n\n    \n        <span class=\"button-atom__text\">Meet the \u00c6nergy team here<\/span>\n\n        \n        \n                <\/a>\n\n    \n\n\n<\/div><\/div>\n<\/section><section class=\"bde-section-94-119 bde-section\">\n  \n\t\n\n\n\n<div class=\"section-container\"><div class=\"bde-columns-94-120 bde-columns\"><div class=\"bde-column-94-121 bde-column\">\n  \n\t\n\n\n\n<h3 class=\"bde-heading-94-122 bde-heading\">\nAn electric future\n<\/h3><div class=\"bde-text-94-123 bde-text\">\n\u00c6nergy understands that the future depends on electricity, and we want to give the population an honest and valuable insight into what the work entails.<br><br>In many places in society, it can be seen that electricity - and in particular green electricity - is gaining ground in everyday life.<br><br>More and more people drive electric vehicles, and more and more houses are heated with electricity-consuming heat sources rather than oil or gas. Everywhere in society, you see transitions from fossil energy sources to more sustainable solutions - all because we cannot overlook the impact burning fossil fuels has on the planet and the climate. <br><br>In line with the increased electrification of society, the need for electricity will naturally increase. Moreover, the increased attention of sustainability and responsibility - both from institutions, companies and private individuals - means that the origin of electricity will also play an increasingly bigger role.<br><br>Through the development and operation of solar plants and wind farms through an honest and transparent business model, \u00c6nergy contributes actively to the green transition in a responsible and respectful way.<br>\n<\/div>\n<\/div><div class=\"bde-column-94-125 bde-column\">\n  \n\t\n\n\n\n<div class=\"bde-div-94-150 bde-div\">\n  \n\t\n\n\n\n<div class=\"bde-image-94-152 bde-image\" data-parallax=\"true\">\n  \n\n\n\n\n\n<figure class=\"breakdance-image breakdance-image--1285\">\n\t<div class=\"breakdance-image-container\">\n\t\t<div class=\"breakdance-image-clip\">\n\t\t\t\n\t\t\t\t\n\t\t\t\t\t      \n  \n  \n  \n  \n      \n      <img loading=\"lazy\" decoding=\"async\"\n      class=\"breakdance-image-object\"\n      src=\"https:\/\/ae-nergy.dk\/wp-content\/uploads\/2024\/03\/2024_02_Aenergy_Portraits_696smaller-scaled.jpg\"\n      width=\"2560\"\n      height=\"1708\"\n      \n      \n                                    srcset=\"https:\/\/ae-nergy.dk\/wp-content\/uploads\/2024\/03\/2024_02_Aenergy_Portraits_696smaller-scaled.jpg 2560w, https:\/\/ae-nergy.dk\/wp-content\/uploads\/2024\/03\/2024_02_Aenergy_Portraits_696smaller-300x200.jpg 300w, https:\/\/ae-nergy.dk\/wp-content\/uploads\/2024\/03\/2024_02_Aenergy_Portraits_696smaller-1024x683.jpg 1024w, https:\/\/ae-nergy.dk\/wp-content\/uploads\/2024\/03\/2024_02_Aenergy_Portraits_696smaller-768x512.jpg 768w, https:\/\/ae-nergy.dk\/wp-content\/uploads\/2024\/03\/2024_02_Aenergy_Portraits_696smaller-1536x1025.jpg 1536w, https:\/\/ae-nergy.dk\/wp-content\/uploads\/2024\/03\/2024_02_Aenergy_Portraits_696smaller-2048x1366.jpg 2048w, https:\/\/ae-nergy.dk\/wp-content\/uploads\/2024\/03\/2024_02_Aenergy_Portraits_696smaller-18x12.jpg 18w\"\n                                                                      >\n  \n\n\t\t\t\t\t\n\t\t\t\t\t\t<\/div>\n\t<\/div>\n\n\t<\/figure>\n\n<\/div>\n<\/div>\n<\/div><\/div><\/div>\n<\/section><section class=\"bde-section-94-141 bde-section\">\n  \n\t\n\n\n\n<div class=\"section-container\"><div class=\"bde-image-94-142 bde-image\">\n  \n\n\n\n\n\n<figure class=\"breakdance-image breakdance-image--553\">\n\t<div class=\"breakdance-image-container\">\n\t\t<div class=\"breakdance-image-clip\">\n\t\t\t\t\t\t<a class=\"breakdance-image-link breakdance-image-link--url\" href=\"https:\/\/jyskenergi.dk\" target=\"_blank\" rel=\"noopener\" data-sub-html=\"\" data-lg-size=\"-\">\n\t\t\t\t\n\t\t\t\t\n\t\t\t\t\t      \n  \n  \n  \n  \n      \n      <img loading=\"lazy\" decoding=\"async\"\n      class=\"breakdance-image-object\"\n      src=\"https:\/\/ae-nergy.dk\/wp-content\/uploads\/2023\/11\/jysk-energi-logo.svg\"\n      width=\"420\"\n      height=\"54\"\n      \n      \n                                                                  >\n  \n\n\t\t\t\t\t\n\t\t\t\t\t\t\t<\/a>\n\t\t\t\t\t<\/div>\n\t<\/div>\n\n\t<\/figure>\n\n<\/div><div class=\"bde-image-94-143 bde-image\">\n  \n\n\n\n\n\n<figure class=\"breakdance-image breakdance-image--551\">\n\t<div class=\"breakdance-image-container\">\n\t\t<div class=\"breakdance-image-clip\">\n\t\t\t\t\t\t<a class=\"breakdance-image-link breakdance-image-link--url\" href=\"https:\/\/www.raundahl-moesby.dk\/\" target=\"_blank\" rel=\"noopener\" data-sub-html=\"\" data-lg-size=\"-\">\n\t\t\t\t\n\t\t\t\t\n\t\t\t\t\t      \n  \n  \n  \n  \n      \n      <img loading=\"lazy\" decoding=\"async\"\n      class=\"breakdance-image-object\"\n      src=\"https:\/\/ae-nergy.dk\/wp-content\/uploads\/2023\/11\/raundal-moesby-logo.png\"\n      width=\"269\"\n      height=\"118\"\n      \n      \n                                                                  >\n  \n\n\t\t\t\t\t\n\t\t\t\t\t\t\t<\/a>\n\t\t\t\t\t<\/div>\n\t<\/div>\n\n\t<\/figure>\n\n<\/div><\/div>\n<\/section><section class=\"bde-section-94-133 bde-section\">\n  \n\t\n\n\n\n<div class=\"section-container\"><h2 class=\"bde-heading-94-134 bde-heading textify\">\nContact us here\n<\/h2><div class=\"bde-div-94-135 bde-div\">\n  \n\t\n\n\n\n<div class=\"bde-text-94-136 bde-text\">\nFill out the contact form to send us your message. <br><br>We will return as soon as possible.\n<\/div>\n<\/div><div class=\"bde-div-94-137 bde-div\">\n  \n\t\n\n\n\n<div class=\"bde-globalblock-94-140 bde-globalblock\">\n<div class=\"bde-form-builder-580-100 bde-form-builder\">\n\n\n<form id=\"kontaktformular100\" class=\"breakdance-form breakdance-form--vertical has-breakpoints\" data-options=\"{&quot;slug&quot;:&quot;custom&quot;,&quot;name&quot;:&quot;Kontaktformular&quot;,&quot;ajaxUrl&quot;:&quot;https:\\\/\\\/ae-nergy.dk\\\/wp-admin\\\/admin-ajax.php&quot;,&quot;clearOnSuccess&quot;:true,&quot;hideOnSuccess&quot;:false,&quot;successMessage&quot;:&quot;Tak! Vi har modtaget din besked og vi vil besvare den hurtigst muligt.&quot;,&quot;errorMessage&quot;:&quot;Something went wrong&quot;,&quot;redirect&quot;:false,&quot;redirectUrl&quot;:&quot;&quot;,&quot;customJavaScript&quot;:&quot;&quot;,&quot;recaptcha&quot;:{&quot;key&quot;:&quot;&quot;,&quot;enabled&quot;:false},&quot;honeypot_enabled&quot;:false,&quot;popupsOnSuccess&quot;:[],&quot;popupsOnError&quot;:[]}\" data-steps=\"0\" action=\"\" >\n  \n  \n  \n<div class=\"breakdance-form-field breakdance-form-field--text\" >\n    \n    \n            <label class=\"breakdance-form-field__label\" for=\"name\">\n            Name<span class=\"breakdance-form-field__required\">*<\/span>\n        <\/label>\n    \n    <input\n    class=\"breakdance-form-field__input\"\n    id=\"name\"\n    aria-describedby=\"name\"\n    type=\"text\"\n    name=\"fields[name]\"\n    placeholder=\"Full name\"\n    value=\"\"\n                \n        \n        \n    required\n>\n\n\n    \n    \n<\/div>\n\n\n<div class=\"breakdance-form-field breakdance-form-field--email\" >\n    \n    \n            <label class=\"breakdance-form-field__label\" for=\"email\">\n            E-mail<span class=\"breakdance-form-field__required\">*<\/span>\n        <\/label>\n    \n    <input\n    class=\"breakdance-form-field__input\"\n    id=\"email\"\n    aria-describedby=\"email\"\n    type=\"email\"\n    name=\"fields[email]\"\n    placeholder=\"Email address\"\n    value=\"\"\n                \n        \n        \n    required\n>\n\n\n    \n    \n<\/div>\n\n\n<div class=\"breakdance-form-field breakdance-form-field--textarea\" >\n    \n    \n            <label class=\"breakdance-form-field__label\" for=\"message\">\n            Message\n        <\/label>\n    \n    <textarea\n    class=\"breakdance-form-field__input\"\n    id=\"message\"\n    aria-describedby=\"message\"\n    type=\"textarea\"\n    name=\"fields[message]\"\n        placeholder=\"Write us a message..\"\n    \n    >\n<\/textarea>\n\n\n    \n    \n<\/div>\n\n\n<div class=\"breakdance-form-field breakdance-form-field--checkbox\" >\n    \n    \n    \n    <fieldset role=\"group\"\n    >\n          <div class=\"breakdance-form-checkbox\">\n          <input\n              type=\"checkbox\"\n              name=\"fields[accept]\"\n              value=\"Jeg accepterer at \u00c6nergy P\/S og deres samarbejdere vil opbevare og behandle mine oplysninger forsvarligt i overensstemmelse med g\u00e6ldende databeskyttelsesregler.\"\n              id=\"accept-1\"\n              \n                        >\n          <label class=\"breakdance-form-checkbox__text\" for=\"accept-1\">I accept that \u00c6nergy P\/S and their collaborators will store and process my information properly in accordance with applicable data protection regulations.<\/label>\n      <\/div>\n  <\/fieldset>\n\n\n\n    \n    \n<\/div>\n\n\n  \n\n<div class=\"breakdance-form-field breakdance-form-footer\">\n    \n    \n                                    \n    \n    \n    \n    \n            \n            <button type=\"submit\" class=\"button-atom button-atom--primary breakdance-form-button breakdance-form-button__submit\"  >\n    \n        <span class=\"button-atom__text\">send Message<\/span>\n\n        \n        \n            <\/button>\n    \n    <input type=\"hidden\" name=\"form_id\" value=\"100\">\n    <input type=\"hidden\" name=\"post_id\" value=\"580\">\n<\/div>\n\n  \n<input type=\"hidden\" name=\"trp-form-language\" value=\"en\"\/><\/form>\n\n\n\n<\/div>\n<\/div>\n<\/div><\/div>\n<\/section>","protected":false},"excerpt":{"rendered":"<p>About us \u00c6nergy is a developer of renewable energy. The company was born out of an amba with a strong set of values and its feet firmly planted on the ground with strong Danish roots. Our approach \u00c6nergy operates based on a concept called Clear as day. Clear as day is a quality assurance of our work process. We believe that by [\u2026]<\/p>","protected":false},"author":4,"featured_media":0,"parent":0,"menu_order":0,"comment_status":"closed","ping_status":"closed","template":"","meta":{"_acf_changed":false,"_monsterinsights_skip_tracking":false,"_monsterinsights_sitenote_active":false,"_monsterinsights_sitenote_note":"","_monsterinsights_sitenote_category":0,"_breakdance_hide_in_design_set":false,"_breakdance_tags":"","footnotes":""},"class_list":["post-94","page","type-page","status-publish","hentry"],"acf":[],"yoast_head":"<!-- This site is optimized with the Yoast SEO plugin v22.1 - https:\/\/yoast.com\/wordpress\/plugins\/seo\/ -->\n<title>Om os - \u00c6nergy<\/title>\n<meta name=\"robots\" content=\"index, follow, max-snippet:-1, max-image-preview:large, max-video-preview:-1\" \/>\n<link rel=\"canonical\" href=\"https:\/\/ae-nergy.dk\/en\/om-os\/\" \/>\n<meta property=\"og:locale\" content=\"en_GB\" \/>\n<meta property=\"og:type\" content=\"article\" \/>\n<meta property=\"og:title\" content=\"Om os - \u00c6nergy\" \/>\n<meta property=\"og:description\" content=\"Om os \u00c6nergy er udvikler af vedvarende energi. Virksomheden er f\u00f8dt ud af et a.m.b.a med et st\u00e6rkt v\u00e6rdis\u00e6t og f\u00f8dderne solidt plantet p\u00e5 jorden med st\u00e6rke danske r\u00f8dder. Vores tilgang \u00c6nergy opererer ud fra et koncept kaldet Clear as day.Clear as day er en kvalitetssikring af vores arbejdsproces. Vi tror p\u00e5 at ved at [&hellip;]\" \/>\n<meta property=\"og:url\" content=\"https:\/\/ae-nergy.dk\/en\/om-os\/\" \/>\n<meta property=\"og:site_name\" content=\"\u00c6nergy\" \/>\n<meta property=\"article:modified_time\" content=\"2024-03-05T12:18:43+00:00\" \/>\n<meta name=\"twitter:card\" content=\"summary_large_image\" \/>\n<script type=\"application\/ld+json\" class=\"yoast-schema-graph\">{\"@context\":\"https:\/\/schema.org\",\"@graph\":[{\"@type\":\"WebPage\",\"@id\":\"https:\/\/ae-nergy.dk\/om-os\/\",\"url\":\"https:\/\/ae-nergy.dk\/om-os\/\",\"name\":\"Om os - \u00c6nergy\",\"isPartOf\":{\"@id\":\"https:\/\/ae-nergy.dk\/#website\"},\"datePublished\":\"2023-11-09T13:35:06+00:00\",\"dateModified\":\"2024-03-05T12:18:43+00:00\",\"breadcrumb\":{\"@id\":\"https:\/\/ae-nergy.dk\/om-os\/#breadcrumb\"},\"inLanguage\":\"en-GB\",\"potentialAction\":[{\"@type\":\"ReadAction\",\"target\":[\"https:\/\/ae-nergy.dk\/om-os\/\"]}]},{\"@type\":\"BreadcrumbList\",\"@id\":\"https:\/\/ae-nergy.dk\/om-os\/#breadcrumb\",\"itemListElement\":[{\"@type\":\"ListItem\",\"position\":1,\"name\":\"Home\",\"item\":\"https:\/\/ae-nergy.dk\/\"},{\"@type\":\"ListItem\",\"position\":2,\"name\":\"Om os\"}]},{\"@type\":\"WebSite\",\"@id\":\"https:\/\/ae-nergy.dk\/#website\",\"url\":\"https:\/\/ae-nergy.dk\/\",\"name\":\"\u00c6nergy\",\"description\":\"Fremtidens energiparker\",\"potentialAction\":[{\"@type\":\"SearchAction\",\"target\":{\"@type\":\"EntryPoint\",\"urlTemplate\":\"https:\/\/ae-nergy.dk\/?s={search_term_string}\"},\"query-input\":\"required name=search_term_string\"}],\"inLanguage\":\"en-GB\"}]}<\/script>\n<!-- \/ Yoast SEO plugin. -->","yoast_head_json":{"title":"Om os - \u00c6nergy","robots":{"index":"index","follow":"follow","max-snippet":"max-snippet:-1","max-image-preview":"max-image-preview:large","max-video-preview":"max-video-preview:-1"},"canonical":"https:\/\/ae-nergy.dk\/en\/om-os\/","og_locale":"en_GB","og_type":"article","og_title":"Om os - \u00c6nergy","og_description":"Om os \u00c6nergy er udvikler af vedvarende energi. Virksomheden er f\u00f8dt ud af et a.m.b.a med et st\u00e6rkt v\u00e6rdis\u00e6t og f\u00f8dderne solidt plantet p\u00e5 jorden med st\u00e6rke danske r\u00f8dder. Vores tilgang \u00c6nergy opererer ud fra et koncept kaldet Clear as day.Clear as day er en kvalitetssikring af vores arbejdsproces. Vi tror p\u00e5 at ved at [&hellip;]","og_url":"https:\/\/ae-nergy.dk\/en\/om-os\/","og_site_name":"\u00c6nergy","article_modified_time":"2024-03-05T12:18:43+00:00","twitter_card":"summary_large_image","schema":{"@context":"https:\/\/schema.org","@graph":[{"@type":"WebPage","@id":"https:\/\/ae-nergy.dk\/om-os\/","url":"https:\/\/ae-nergy.dk\/om-os\/","name":"Om os - \u00c6nergy","isPartOf":{"@id":"https:\/\/ae-nergy.dk\/#website"},"datePublished":"2023-11-09T13:35:06+00:00","dateModified":"2024-03-05T12:18:43+00:00","breadcrumb":{"@id":"https:\/\/ae-nergy.dk\/om-os\/#breadcrumb"},"inLanguage":"en-GB","potentialAction":[{"@type":"ReadAction","target":["https:\/\/ae-nergy.dk\/om-os\/"]}]},{"@type":"BreadcrumbList","@id":"https:\/\/ae-nergy.dk\/om-os\/#breadcrumb","itemListElement":[{"@type":"ListItem","position":1,"name":"Home","item":"https:\/\/ae-nergy.dk\/"},{"@type":"ListItem","position":2,"name":"Om os"}]},{"@type":"WebSite","@id":"https:\/\/ae-nergy.dk\/#website","url":"https:\/\/ae-nergy.dk\/","name":"\u00c6nergy","description":"Fremtidens energiparker","potentialAction":[{"@type":"SearchAction","target":{"@type":"EntryPoint","urlTemplate":"https:\/\/ae-nergy.dk\/?s={search_term_string}"},"query-input":"required name=search_term_string"}],"inLanguage":"en-GB"}]}},"_links":{"self":[{"href":"https:\/\/ae-nergy.dk\/en\/wp-json\/wp\/v2\/pages\/94","targetHints":{"allow":["GET"]}}],"collection":[{"href":"https:\/\/ae-nergy.dk\/en\/wp-json\/wp\/v2\/pages"}],"about":[{"href":"https:\/\/ae-nergy.dk\/en\/wp-json\/wp\/v2\/types\/page"}],"author":[{"embeddable":true,"href":"https:\/\/ae-nergy.dk\/en\/wp-json\/wp\/v2\/users\/4"}],"replies":[{"embeddable":true,"href":"https:\/\/ae-nergy.dk\/en\/wp-json\/wp\/v2\/comments?post=94"}],"version-history":[{"count":138,"href":"https:\/\/ae-nergy.dk\/en\/wp-json\/wp\/v2\/pages\/94\/revisions"}],"predecessor-version":[{"id":1286,"href":"https:\/\/ae-nergy.dk\/en\/wp-json\/wp\/v2\/pages\/94\/revisions\/1286"}],"wp:attachment":[{"href":"https:\/\/ae-nergy.dk\/en\/wp-json\/wp\/v2\/media?parent=94"}],"curies":[{"name":"wp","href":"https:\/\/api.w.org\/{rel}","templated":true}]}}